{"id":7533,"date":"2023-08-27T08:47:41","date_gmt":"2023-08-27T08:47:41","guid":{"rendered":"https:\/\/www.deine-lieblingsapotheke.de\/?page_id=7533"},"modified":"2025-10-27T17:07:24","modified_gmt":"2025-10-27T17:07:24","slug":"impressum","status":"publish","type":"page","link":"https:\/\/www.deine-lieblingsapotheke.de\/index.php\/impressum\/","title":{"rendered":"Impressum"},"content":{"rendered":"\t\t<div data-elementor-type=\"wp-page\" data-elementor-id=\"7533\" class=\"elementor elementor-7533\">\n\t\t\t\t\t\t<section class=\" elementor-section elementor-top-section elementor-element elementor-element-4b65f87 elementor-section-boxed elementor-section-height-default elementor-section-height-default\" data-id=\"4b65f87\" data-element_type=\"section\">\n\t\t\t\t\t\t<div class=\"elementor-container elementor-column-gap-default\">\n\t\t\t\t\t<div class=\"elementor-column elementor-col-100 elementor-top-column elementor-element elementor-element-5231d4c\" data-id=\"5231d4c\" data-element_type=\"column\">\n\t\t\t<div class=\"elementor-widget-wrap elementor-element-populated\">\n\t\t\t\t\t\t<div class=\"elementor-element elementor-element-cc5d604 elementor-widget elementor-widget-spacer\" data-id=\"cc5d604\" data-element_type=\"widget\" data-widget_type=\"spacer.default\">\n\t\t\t\t<div class=\"elementor-widget-container\">\n\t\t\t\t\t<div class=\"elementor-spacer\">\n\t\t\t<div class=\"elementor-spacer-inner\"><\/div>\n\t\t<\/div>\n\t\t\t\t<\/div>\n\t\t\t\t<\/div>\n\t\t\t\t<div class=\"elementor-element elementor-element-d65726a elementor-widget elementor-widget-html\" data-id=\"d65726a\" data-element_type=\"widget\" data-widget_type=\"html.default\">\n\t\t\t\t<div class=\"elementor-widget-container\">\n\t\t\t<p>\r\n<b>Impressum<\/b><b>\r\n    <br><br>\r\n<\/b><b>ANGABEN GEM\u00c4SS \u00a7 5 DDG<\/b><b>\r\n    <br><br>\r\n<\/b><span style=\"font-weight: 400;\">\r\n<\/span><span style=\"font-weight: 400;\">Apothekerin Svea Nadine Rockstroh e. K.<\/span><span style=\"font-weight: 400;\"><br>\r\n<\/span><span style=\"font-weight: 400;\">Lieblingsapotheke \u2013 Gesundheit am Wasserturm<\/span><span style=\"font-weight: 400;\"><br>\r\n<\/span><span style=\"font-weight: 400;\">Zwickauer Str. 102<\/span><span style=\"font-weight: 400;\"><br>\r\n<\/span><span style=\"font-weight: 400;\">08468 Reichenbach<\/span><span style=\"font-weight: 400;\"><br>\r\n<\/span><span style=\"font-weight: 400;\"><br>\r\n<\/span><span style=\"font-weight: 400;\">Inhaberin: Svea Nadine Rockstroh<\/span><span style=\"font-weight: 400;\"><br>\r\n<\/span><span style=\"font-weight: 400;\"><br>\r\n<\/span><span style=\"font-weight: 400;\">Telefon: 03765 7947989<\/span><span style=\"font-weight: 400;\"><br>\r\n<\/span><span style=\"font-weight: 400;\">Fax: 03765 7947987<\/span><span style=\"font-weight: 400;\"><br>\r\n<\/span><span style=\"font-weight: 400;\">E-Mail: info[at]deine-lieblingsapotheke.de<\/span><span style=\"font-weight: 400;\"><br>\r\n<\/span><span style=\"font-weight: 400;\"><br>\r\n<\/span><span style=\"font-weight: 400;\"><br>\r\n<\/span><b>Angaben gem\u00e4\u00df \u00a7 5 DDG<\/b><b><br>\r\n<\/b>Zust\u00e4ndige Apothekerkammer: <b><br>\r\n<\/b><span style=\"font-weight: 400;\">S\u00e4chsische Landesapothekerkammer<\/span><span style=\"font-weight: 400;\"><br>\r\n<\/span><span style=\"font-weight: 400;\">Pillnitzer Landstra\u00dfe 10<\/span><span style=\"font-weight: 400;\"><br>\r\n<\/span><span style=\"font-weight: 400;\">01326 Dresden<\/span><span style=\"font-weight: 400;\"><br>\r\n<\/span><span style=\"font-weight: 400;\">Telefon: 0351 26393-0<\/span><span style=\"font-weight: 400;\"><br>\r\n<\/span><span style=\"font-weight: 400;\">Fax: 0351 26393-500<\/span><span style=\"font-weight: 400;\"><br>\r\n<\/span><span style=\"font-weight: 400;\">E-Mail: sekretariat[at]slak.de<\/span><span style=\"font-weight: 400;\"><br>\r\n<\/span><span style=\"font-weight: 400;\">Webseite: http:\/\/www.slak.de<\/span><span style=\"font-weight: 400;\"><br>\r\n<\/span><span style=\"font-weight: 400;\"><br>\r\n<\/span><span style=\"font-weight: 400;\">Der Inhaber unterliegt der Berufsordnung f\u00fcr Apothekerinnen und Apotheker der oben genannten Apothekerkammer.<\/span><span style=\"font-weight: 400;\"><br>\r\n<\/span><span style=\"font-weight: 400;\"><br>\r\n<\/span><span style=\"font-weight: 400;\">Weitere berufsrechtliche Regelungen: Apothekengesetz, Apothekenbetriebsordnung, Bundes-Apothekerordnung.<\/span><span style=\"font-weight: 400;\"><br>\r\n<\/span><span style=\"font-weight: 400;\"><br>\r\n<\/span><span style=\"font-weight: 400;\"><br>\r\n<\/span><b>Zust\u00e4ndige Aufsichtsbeh\u00f6rde<\/b><b><br>\r\n<\/b><span style=\"font-weight: 400;\">Landesdirektion Sachsen Inneres, Soziales und Gesundheit Ref. 24 Pharmazie<\/span><span style=\"font-weight: 400;\"><br>\r\n<\/span><span style=\"font-weight: 400;\">Braustr. 2<\/span><span style=\"font-weight: 400;\"><br>\r\n<\/span><span style=\"font-weight: 400;\">04107 Leipzig<\/span><span style=\"font-weight: 400;\"><br>\r\n<\/span><span style=\"font-weight: 400;\">Telefon: 0341 977-0<\/span><span style=\"font-weight: 400;\"><br>\r\n<\/span><span style=\"font-weight: 400;\">Fax: 0341 977-1199<\/span><span style=\"font-weight: 400;\"><br>\r\n<\/span><span style=\"font-weight: 400;\">E-Mail: post[at]ldl.sachsen.de<\/span><span style=\"font-weight: 400;\"><br>\r\n<\/span><span style=\"font-weight: 400;\">Webseite: http:\/\/www.ldl.sachsen.de<\/span><span style=\"font-weight: 400;\"><br>\r\n<\/span><span style=\"font-weight: 400;\"><br>\r\n<\/span><span style=\"font-weight: 400;\"><br>\r\n<\/span><b>Handelsregister:<\/b><span style=\"font-weight: 400;\"> Amtsgericht Chemnitz<\/span><span style=\"font-weight: 400;\"><br>\r\n<\/span><b>Handelsregisternummer:<\/b><span style=\"font-weight: 400;\"> HRA 8775<\/span><span style=\"font-weight: 400;\"><br>\r\n<\/span><b>Gesetzl. Berufsbezeichnung Apotheker\/in verliehen in:<\/b><span style=\"font-weight: 400;\"> Deutschland<\/span><span style=\"font-weight: 400;\"><br>\r\n<\/span><b>USt-ID-Nr.:<\/b><span style=\"font-weight: 400;\"> DE 223 263 010 98<\/span><span style=\"font-weight: 400;\"><br>\r\n<\/span><span style=\"font-weight: 400;\"><br>\r\n<\/span><span style=\"font-weight: 400;\"><br>\r\n<\/span><b>Allgemeine Informationspflichten zur alternativen Streitbeilegung nach Art. 14 Abs. 1 ODR-VO <\/b><b><br>\r\n<\/b><b>und \u00a7 36 VSBG (Verbraucherstreitbeilegungsgesetz)<\/b><b><br>\r\n<\/b><span style=\"font-weight: 400;\">Die europ\u00e4ische Kommission stellt eine Plattform zur Online-Streitbelegung (OS) zur Verf\u00fcgung, die Sie unter dieser Adresse finden: https:\/\/ec.europa.eu\/consumers\/odr\/ <\/span><span style=\"font-weight: 400;\">\r\n<\/span><span style=\"font-weight: 400;\"><br>\r\n<\/span><span style=\"font-weight: 400;\">Zur Teilnahme an einem Streitbeilegungsverfahren vor einer Verbraucherschlichtungsstelle sind wir nicht verpflichtet und auch nicht bereit.<\/span><span style=\"font-weight: 400;\"><br>\r\n<\/span><span style=\"font-weight: 400;\"><br>\r\n<\/span><span style=\"font-weight: 400;\"><br>\r\n<\/span><b>Verantwortlich f\u00fcr den Inhalt gem. \u00a7 55 Abs. 2 RStV:<\/b><b><br>\r\n<\/b><span style=\"font-weight: 400;\">Apothekerin Svea Nadine Rockstroh e. K.<\/span><span style=\"font-weight: 400;\"><br>\r\n<\/span><span style=\"font-weight: 400;\">Lieblingsapotheke \u2013 Gesundheit am Wasserturm<\/span><span style=\"font-weight: 400;\"><br>\r\n<\/span><span style=\"font-weight: 400;\">Zwickauer Str. 102<\/span><span style=\"font-weight: 400;\"><br>\r\n<\/span><span style=\"font-weight: 400;\">08468 Reichenbach<\/span><span style=\"font-weight: 400;\"><br>\r\n<\/span><span style=\"font-weight: 400;\"><br>\r\n<\/span><span style=\"font-weight: 400;\"><br>\r\n<\/span><b>Haftung f\u00fcr Inhalte<\/b><span style=\"font-weight: 400;\"><br>\r\n<\/span><span style=\"font-weight: 400;\">Als Diensteanbieter sind wir gem\u00e4\u00df DDG f\u00fcr eigene Inhalte auf diesen Seiten nach den allgemeinen Gesetzen verantwortlich. Demnach sind wir als Diensteanbieter jedoch nicht verpflichtet, \u00fcbermittelte oder gespeicherte fremde Informationen zu \u00fcberwachen oder nach Umst\u00e4nden zu forschen, die auf eine rechtswidrige T\u00e4tigkeit hinweisen.<\/span><span style=\"font-weight: 400;\"><br>\r\n<\/span><span style=\"font-weight: 400;\"><br>\r\n<\/span><span style=\"font-weight: 400;\">Verpflichtungen zur Entfernung oder Sperrung der Nutzung von Informationen nach den allgemeinen Gesetzen bleiben hiervon unber\u00fchrt. Eine diesbez\u00fcgliche Haftung ist jedoch erst ab dem Zeitpunkt der Kenntnis einer konkreten Rechtsverletzung m\u00f6glich. Bei Bekanntwerden von entsprechenden Rechtsverletzungen werden wir diese Inhalte umgehend entfernen.<\/span><span style=\"font-weight: 400;\"><br>\r\n<\/span><span style=\"font-weight: 400;\"><br>\r\n<\/span><span style=\"font-weight: 400;\">Trotz sorgf\u00e4ltiger inhaltlicher Kontrolle \u00fcbernehmen wir au\u00dferdem keine Haftung f\u00fcr die Inhalte externer Links. F\u00fcr den Inhalt der verlinkten Seiten sind ausschlie\u00dflich deren Betreiber verantwortlich.<\/span><span style=\"font-weight: 400;\"><br>\r\n<\/span><span style=\"font-weight: 400;\"><br>\r\n<\/span><span style=\"font-weight: 400;\"><br>\r\n<\/span><b>Haftung f\u00fcr Links<\/b><b><br>\r\n<\/b><span style=\"font-weight: 400;\">Unser Angebot kann Links zu externen Websites Dritter enthalten, auf deren Inhalte wir keinen Einfluss haben. Deshalb k\u00f6nnen wir f\u00fcr diese fremden Inhalte auch keine Gew\u00e4hr \u00fcbernehmen. F\u00fcr die Inhalte der verlinkten Seiten ist stets der jeweilige Anbieter oder Betreiber der Seiten verantwortlich. Die verlinkten Seiten wurden zum Zeitpunkt der Verlinkung auf m\u00f6gliche Rechtsverst\u00f6\u00dfe \u00fcberpr\u00fcft. Rechtswidrige Inhalte waren zum Zeitpunkt der Verlinkung nicht erkennbar.<\/span><span style=\"font-weight: 400;\"><br>\r\n<\/span><span style=\"font-weight: 400;\"><br>\r\n<\/span><span style=\"font-weight: 400;\">Eine permanente inhaltliche Kontrolle der verlinkten Seiten ist jedoch ohne konkrete Anhaltspunkte einer Rechtsverletzung nicht zumutbar. Bei Bekanntwerden von Rechtsverletzungen werden wir derartige Links umgehend entfernen.<\/span><span style=\"font-weight: 400;\"><br>\r\n<\/span><span style=\"font-weight: 400;\"><br>\r\n<\/span><span style=\"font-weight: 400;\"><br>\r\n<\/span><b>Urheberrecht<\/b><b><br>\r\n<\/b><span style=\"font-weight: 400;\">Die durch die Seitenbetreiber erstellten Inhalte und Werke auf diesen Seiten unterliegen dem deutschen Urheberrecht. Die Vervielf\u00e4ltigung, Bearbeitung, Verbreitung und jede Art der Verwertung au\u00dferhalb der Grenzen des Urheberrechtes bed\u00fcrfen der schriftlichen Zustimmung des jeweiligen Autors bzw. Erstellers. Downloads und Kopien dieser Seite sind nur f\u00fcr den privaten, nicht kommerziellen Gebrauch gestattet.<\/span><span style=\"font-weight: 400;\"><br>\r\n<\/span><span style=\"font-weight: 400;\"><br>\r\n<\/span><span style=\"font-weight: 400;\">Soweit die Inhalte auf dieser Seite nicht vom Betreiber erstellt wurden, werden die Urheberrechte <\/span><span style=\"font-weight: 400;\"><br><br>\r\n<\/span><span style=\"font-weight: 400;\">Dritter beachtet. Insbesondere werden Inhalte Dritter als solche gekennzeichnet. Sollten Sie <\/span><span style=\"font-weight: 400;\"><br>\r\n<\/span><span style=\"font-weight: 400;\">trotzdem auf eine Urheberrechtsverletzung aufmerksam werden, bitten wir um einen <\/span><span style=\"font-weight: 400;\"><br>\r\n<\/span><span style=\"font-weight: 400;\">entsprechenden Hinweis. Bei Bekanntwerden von Rechtsverletzungen werden wir derartige <\/span><span style=\"font-weight: 400;\"><br>\r\n<\/span><span style=\"font-weight: 400;\">Inhalte umgehend entfernen.<\/span><span style=\"font-weight: 400;\"><br>\r\n<\/span><span style=\"font-weight: 400;\"><br>\r\n<\/span><span style=\"font-weight: 400;\">Einige Inhalte wurden nicht direkt vom Betreiber erstellt, sondern von Mitarbeitern oder Kooperationspartnern des Betreibers, welche sich f\u00fcr die Inhalte verantwortlich zeichnen, jedoch zum Teil f\u00fcr andere Unternehmen durchgef\u00fchrt wurden.<\/span><span style=\"font-weight: 400;\"><br>\r\n<\/span><span style=\"font-weight: 400;\"><br>\r\n<\/span><span style=\"font-weight: 400;\">Quellenangabe: Disclaimer eRecht24<\/span><span style=\"font-weight: 400;\"><br>\r\n<\/span><span style=\"font-weight: 400;\"><br>\r\n<\/span><span style=\"font-weight: 400;\"><br>\r\n<\/span><b>Bildnachweis<\/b><b><br>\r\n<\/b><span style=\"font-weight: 400;\">https:\/\/robertforester.de\/, https:\/\/stock.adobe.com\/, https:\/\/pixabay.com\/ (rose-g681dc8b60_1280, spices-gd276fb864_1280, essential-oil-g87bd6fe48_1280, child-g2b550b1f5_1280, heart-g1817a3b90_1280, doctor-g4a9ad67c0_1280, blood-pressure-gf6abdd015_1280, tray-g80d1632d8_1280, smoothie-ge2926a780_1280, ai-generated-gbf7a32427_1280, salad-g227a703d1_1280, loaf-g43ab4eb4b_1280, psoriasis-g263428abf_1280, woman-g2d2951bd8_1280, skincare-gae8622f4e_1280, rose-g7deffb971_1280, dewdrops-gef6c18d9f_1280, worried-girl-gb1e13aca9_1280, oil-in-water-gcd27f406e_1280, flower-gfe443b922_1280, chamomile-g81fab2c71_1280, daisy-gd8f57d895_1280, spring-g223a52e2f_1280, doors-g931a78e87_1280, first-aid-g24b514bfc_1280, approximately-g454f15102_1280, baby-5925559_1280, blood-17305_1280, boy-5186786_1280, doctor-4303018_1280, first-aid-kit-62643_1280, infant-105063_1280, oxygen-5027083_1280, pixabay -7671695_1280, pressure-device-990462_1280, woman-5372717_1280)<\/span>\r\n<\/p>\t\t<\/div>\n\t\t\t\t<\/div>\n\t\t\t\t<div class=\"elementor-element elementor-element-0f42b11 elementor-widget elementor-widget-spacer\" data-id=\"0f42b11\" data-element_type=\"widget\" data-widget_type=\"spacer.default\">\n\t\t\t\t<div class=\"elementor-widget-container\">\n\t\t\t\t\t<div class=\"elementor-spacer\">\n\t\t\t<div class=\"elementor-spacer-inner\"><\/div>\n\t\t<\/div>\n\t\t\t\t<\/div>\n\t\t\t\t<\/div>\n\t\t\t\t\t<\/div>\n\t\t<\/div>\n\t\t\t\t\t<\/div>\n\t\t<\/section>\n\t\t\t\t<\/div>\n\t\t","protected":false},"excerpt":{"rendered":"<p>Impressum ANGABEN GEM\u00c4SS \u00a7 5 DDG Apothekerin Svea Nadine Rockstroh e. K. Lieblingsapotheke \u2013 Gesundheit am Wasserturm Zwickauer Str. 102 08468 Reichenbach Inhaberin: Svea Nadine Rockstroh Telefon: 03765 7947989 Fax: 03765 7947987 E-Mail: info[at]deine-lieblingsapotheke.de Angaben gem\u00e4\u00df \u00a7 5 DDG Zust\u00e4ndige Apothekerkammer: S\u00e4chsische Landesapothekerkammer Pillnitzer Landstra\u00dfe 10 01326 Dresden Telefon: 0351 26393-0 Fax: 0351 26393-500 E-Mail: [&hellip;]<\/p>\n","protected":false},"author":1,"featured_media":0,"parent":0,"menu_order":0,"comment_status":"closed","ping_status":"closed","template":"","meta":{"_acf_changed":false,"footnotes":""},"class_list":["post-7533","page","type-page","status-publish","hentry"],"acf":[],"_links":{"self":[{"href":"https:\/\/www.deine-lieblingsapotheke.de\/index.php\/wp-json\/wp\/v2\/pages\/7533","targetHints":{"allow":["GET"]}}],"collection":[{"href":"https:\/\/www.deine-lieblingsapotheke.de\/index.php\/wp-json\/wp\/v2\/pages"}],"about":[{"href":"https:\/\/www.deine-lieblingsapotheke.de\/index.php\/wp-json\/wp\/v2\/types\/page"}],"author":[{"embeddable":true,"href":"https:\/\/www.deine-lieblingsapotheke.de\/index.php\/wp-json\/wp\/v2\/users\/1"}],"replies":[{"embeddable":true,"href":"https:\/\/www.deine-lieblingsapotheke.de\/index.php\/wp-json\/wp\/v2\/comments?post=7533"}],"version-history":[{"count":25,"href":"https:\/\/www.deine-lieblingsapotheke.de\/index.php\/wp-json\/wp\/v2\/pages\/7533\/revisions"}],"predecessor-version":[{"id":8628,"href":"https:\/\/www.deine-lieblingsapotheke.de\/index.php\/wp-json\/wp\/v2\/pages\/7533\/revisions\/8628"}],"wp:attachment":[{"href":"https:\/\/www.deine-lieblingsapotheke.de\/index.php\/wp-json\/wp\/v2\/media?parent=7533"}],"curies":[{"name":"wp","href":"https:\/\/api.w.org\/{rel}","templated":true}]}}